{"id":87,"date":"2018-06-26T09:29:41","date_gmt":"2018-06-26T07:29:41","guid":{"rendered":"https:\/\/www.sapere-association.com\/?page_id=87"},"modified":"2022-12-19T13:36:41","modified_gmt":"2022-12-19T12:36:41","slug":"reseau","status":"publish","type":"page","link":"https:\/\/www.sapere-association.com\/fr\/reseau","title":{"rendered":"R\u00e9seau"},"content":{"rendered":"<h3 style=\"text-align: center;\"><img fetchpriority=\"high\" decoding=\"async\" class=\"alignright size-medium wp-image-211\" src=\"https:\/\/www.sapere-association.com\/wp-content\/uploads\/2018\/08\/famille-a-table-300x225.jpg\" alt=\"\" width=\"300\" height=\"225\" srcset=\"https:\/\/www.sapere-association.com\/wp-content\/uploads\/2018\/08\/famille-a-table-300x225.jpg 300w, https:\/\/www.sapere-association.com\/wp-content\/uploads\/2018\/08\/famille-a-table-768x576.jpg 768w, https:\/\/www.sapere-association.com\/wp-content\/uploads\/2018\/08\/famille-a-table.jpg 800w\" sizes=\"(max-width: 300px) 100vw, 300px\" \/>Sapere un r\u00e9seau international<br \/>\npour une d\u00e9marche \u00e9ducative d\u2019avenir.<\/h3>\n<p>&nbsp;<\/p>\n<p>Cette partie est r\u00e9serv\u00e9e aux membres SAPERE.<br \/>\nConnectez-vous <a href=\"https:\/\/www.sapere-association.com\/fr\/user-login\" target=\"_blank\" rel=\"noopener\">ici<\/a>.<\/p>\n","protected":false},"excerpt":{"rendered":"<p>Sapere un r\u00e9seau international pour une d\u00e9marche \u00e9ducative d\u2019avenir. &nbsp; Cette partie est r\u00e9serv\u00e9e aux membres SAPERE. Connectez-vous ici.<\/p>\n","protected":false},"author":1,"featured_media":666,"parent":0,"menu_order":21,"comment_status":"closed","ping_status":"closed","template":"","meta":{"footnotes":""},"class_list":["post-87","page","type-page","status-publish","has-post-thumbnail","hentry"],"acf":[],"_links":{"self":[{"href":"https:\/\/www.sapere-association.com\/fr\/wp-json\/wp\/v2\/pages\/87","targetHints":{"allow":["GET"]}}],"collection":[{"href":"https:\/\/www.sapere-association.com\/fr\/wp-json\/wp\/v2\/pages"}],"about":[{"href":"https:\/\/www.sapere-association.com\/fr\/wp-json\/wp\/v2\/types\/page"}],"author":[{"embeddable":true,"href":"https:\/\/www.sapere-association.com\/fr\/wp-json\/wp\/v2\/users\/1"}],"replies":[{"embeddable":true,"href":"https:\/\/www.sapere-association.com\/fr\/wp-json\/wp\/v2\/comments?post=87"}],"version-history":[{"count":0,"href":"https:\/\/www.sapere-association.com\/fr\/wp-json\/wp\/v2\/pages\/87\/revisions"}],"wp:featuredmedia":[{"embeddable":true,"href":"https:\/\/www.sapere-association.com\/fr\/wp-json\/wp\/v2\/media\/666"}],"wp:attachment":[{"href":"https:\/\/www.sapere-association.com\/fr\/wp-json\/wp\/v2\/media?parent=87"}],"curies":[{"name":"wp","href":"https:\/\/api.w.org\/{rel}","templated":true}]}}