{"id":861,"date":"2019-02-15T07:50:02","date_gmt":"2019-02-15T06:50:02","guid":{"rendered":"https:\/\/www.sapere-association.com\/?page_id=861"},"modified":"2020-02-02T22:32:56","modified_gmt":"2020-02-02T21:32:56","slug":"sapere-en-republique-tcheque","status":"publish","type":"page","link":"https:\/\/www.sapere-association.com\/fr\/a-propos\/membres-sapere\/sapere-en-republique-tcheque","title":{"rendered":"SAPERE en R\u00e9publique Tch\u00e8que"},"content":{"rendered":"<p><strong>SAPERE projekt pokra\u010duje<\/strong><\/p>\n<p>Vzd\u011blanost obyvatelstva ohledn\u011b jeho v\u00fd\u017eivy, vzhledem ke vzr\u016fstaj\u00edc\u00edmu po\u010dtu r\u016fzn\u00fdch metabolick\u00fdch poruch a onemocn\u011bn\u00ed, st\u00e1le nab\u00fdv\u00e1 na v\u00fdznamu. Ide\u00e1ln\u00ed je za\u010d\u00edt tuto problematiku vysv\u011btlovat ji\u017e od nej\u00fatlej\u0161\u00edho v\u011bku.<\/p>\n<p>Mnoz\u00ed z\u00a0v\u00e1s jist\u011b vzpom\u00ednaj\u00ed na celorepublikovou sout\u011b\u017e ohledn\u011b v\u00fd\u017eivy a vlastnost\u00ed potravin. Byla to jedna z\u00a0nej\u00fasp\u011b\u0161n\u011bj\u0161\u00edch SAPERE akc\u00ed i v\u00a0mezin\u00e1rodn\u00edm m\u011b\u0159\u00edtku. Celkem se\u00a0zapojilo kolem 150\u00a0000 d\u011bt\u00ed z\u00e1kladn\u00edch a st\u0159edn\u00edch \u0161kol.<\/p>\n<p>Jedna z\u00a0aktivit, kter\u00e1 se tomuto v\u011bnuje \u2013 je mezin\u00e1rodn\u00ed projekt SAPERE. Projekt vznikl v\u00a0roce 1994 na z\u00e1klad\u011b zhor\u0161uj\u00edc\u00edho p\u0159\u00edstupu obyvatelstva k\u00a0vlastn\u00ed v\u00fd\u017eiv\u011b a stravov\u00e1n\u00ed. Z\u00e1kladn\u00ed ideou metody SAPERE je vychov\u00e1vat obyvatelstvo k\u00a0p\u0159irozen\u00e9mu a tedy vyv\u00e1\u017een\u011bj\u0161\u00edmu zp\u016fsobu \u017eivota u\u017e od d\u011btstv\u00ed a hlavn\u011b z\u00e1bavnou formou.<\/p>\n<p>Kontaktem pro SAPERE metodu v\u00a0\u010cesk\u00e9 republice je pan\u00a0<a href=\"mailto:czech@sapere-association.com\" target=\"_blank\" rel=\"noopener noreferrer\">czech@sapere-association.com<\/a><\/p>\n<p>V\u00a0p\u0159\u00edpad\u011b jak\u00fdkoliv dotaz\u016f ohledn\u011b SAPERE projektu ho nev\u00e1hejte kontaktovat.<\/p>\n<p>&nbsp;<\/p>\n<p><strong>Le projet SAPERE continue<\/strong><\/p>\n<p>\u00c9duquer la population au sujet de sa nutrition, \u00e9tant donn\u00e9 le nombre croissant de troubles et maladies m\u00e9taboliques, devient toujours plus important. L&rsquo;id\u00e9al est d&rsquo;expliquer ces questions d\u00e8s le plus jeune \u00e2ge.<\/p>\n<p>Beaucoup d&rsquo;entre vous se souviennent du concours national sur la nutrition et la nourriture. Cela fut un des \u00e9v\u00e9nements SAPERE les plus r\u00e9ussis au niveau international. Au total, environ 150,000 enfants d\u2019\u00e9coles primaires et secondaires y ont particip\u00e9.<\/p>\n<p>Une des activit\u00e9s concern\u00e9es est le projet international SAPERE. Le projet a d\u00e9marr\u00e9 en 1994,\u00a0\u00e0 cause de la diminution d\u2019acc\u00e8s de la population\u00a0\u00a0\u00e0 la nutrition et aux repas. L&rsquo;id\u00e9e de base de la m\u00e9thode SAPERE est de sensibiliser la population, d&rsquo;un fa\u00e7on plut\u00f4t ludique,\u00a0\u00a0\u00e0 un style de vie plus naturel et donc plus \u00e9quilibr\u00e9 d\u00e8s l&rsquo;enfance.<\/p>\n<p>Pour toute question sur la m\u00e9thode SAPERE en R\u00e9publique Tch\u00e8que, n&rsquo;h\u00e9sitez pas \u00e0 contacter <a href=\"mailto:czech@sapere-association.com\" target=\"_blank\" rel=\"noopener noreferrer\">czech@sapere-association.com<\/a><\/p>\n<p>&nbsp;<\/p>\n","protected":false},"excerpt":{"rendered":"<p>SAPERE projekt pokra\u010duje Vzd\u011blanost obyvatelstva ohledn\u011b jeho v\u00fd\u017eivy, vzhledem ke vzr\u016fstaj\u00edc\u00edmu po\u010dtu r\u016fzn\u00fdch metabolick\u00fdch poruch a onemocn\u011bn\u00ed, st\u00e1le nab\u00fdv\u00e1 na v\u00fdznamu. Ide\u00e1ln\u00ed je za\u010d\u00edt tuto problematiku vysv\u011btlovat ji\u017e od nej\u00fatlej\u0161\u00edho v\u011bku. Mnoz\u00ed z\u00a0v\u00e1s jist\u011b vzpom\u00ednaj\u00ed na celorepublikovou sout\u011b\u017e ohledn\u011b v\u00fd\u017eivy&#8230;<\/p>\n","protected":false},"author":5,"featured_media":904,"parent":276,"menu_order":0,"comment_status":"closed","ping_status":"closed","template":"page-templates\/country-page.php","meta":{"footnotes":""},"class_list":["post-861","page","type-page","status-publish","has-post-thumbnail","hentry"],"acf":[],"_links":{"self":[{"href":"https:\/\/www.sapere-association.com\/fr\/wp-json\/wp\/v2\/pages\/861","targetHints":{"allow":["GET"]}}],"collection":[{"href":"https:\/\/www.sapere-association.com\/fr\/wp-json\/wp\/v2\/pages"}],"about":[{"href":"https:\/\/www.sapere-association.com\/fr\/wp-json\/wp\/v2\/types\/page"}],"author":[{"embeddable":true,"href":"https:\/\/www.sapere-association.com\/fr\/wp-json\/wp\/v2\/users\/5"}],"replies":[{"embeddable":true,"href":"https:\/\/www.sapere-association.com\/fr\/wp-json\/wp\/v2\/comments?post=861"}],"version-history":[{"count":0,"href":"https:\/\/www.sapere-association.com\/fr\/wp-json\/wp\/v2\/pages\/861\/revisions"}],"up":[{"embeddable":true,"href":"https:\/\/www.sapere-association.com\/fr\/wp-json\/wp\/v2\/pages\/276"}],"wp:featuredmedia":[{"embeddable":true,"href":"https:\/\/www.sapere-association.com\/fr\/wp-json\/wp\/v2\/media\/904"}],"wp:attachment":[{"href":"https:\/\/www.sapere-association.com\/fr\/wp-json\/wp\/v2\/media?parent=861"}],"curies":[{"name":"wp","href":"https:\/\/api.w.org\/{rel}","templated":true}]}}