{"id":363,"date":"2018-09-11T15:21:19","date_gmt":"2018-09-11T13:21:19","guid":{"rendered":"https:\/\/www.sapere-association.com\/?page_id=363"},"modified":"2019-11-18T00:34:08","modified_gmt":"2019-11-17T23:34:08","slug":"les-personnes","status":"publish","type":"page","link":"https:\/\/www.sapere-association.com\/fr\/reseau\/les-personnes","title":{"rendered":"Personnes"},"content":{"rendered":"<p style=\"text-align: center;\"><strong>TastEd team at Cambridge (UK) 24th October 2019<\/strong><\/p>\n<figure id=\"attachment_1055\" aria-describedby=\"caption-attachment-1055\" style=\"width: 678px\" class=\"wp-caption aligncenter\"><a href=\"https:\/\/www.sapere-association.com\/wp-content\/uploads\/2019\/11\/Bild-1_zip.jpg\"><img fetchpriority=\"high\" decoding=\"async\" class=\"wp-image-1055 size-large\" src=\"https:\/\/www.sapere-association.com\/wp-content\/uploads\/2019\/11\/Bild-1_zip-1024x683.jpg\" alt=\"Jason O'Rourke, Bee Wilson, Abby Scott\" width=\"678\" height=\"452\" srcset=\"https:\/\/www.sapere-association.com\/wp-content\/uploads\/2019\/11\/Bild-1_zip-1024x683.jpg 1024w, https:\/\/www.sapere-association.com\/wp-content\/uploads\/2019\/11\/Bild-1_zip-300x200.jpg 300w, https:\/\/www.sapere-association.com\/wp-content\/uploads\/2019\/11\/Bild-1_zip-768x512.jpg 768w, https:\/\/www.sapere-association.com\/wp-content\/uploads\/2019\/11\/Bild-1_zip-175x117.jpg 175w\" sizes=\"(max-width: 678px) 100vw, 678px\" \/><\/a><figcaption id=\"caption-attachment-1055\" class=\"wp-caption-text\">Jason O&rsquo;Rourke, Bee Wilson, Abby Scott<\/figcaption><\/figure>\n<p style=\"text-align: center;\"><strong>SAPERE aisbl team at Cambridge (UK) 24th October 2019<\/strong><\/p>\n<figure id=\"attachment_1057\" aria-describedby=\"caption-attachment-1057\" style=\"width: 678px\" class=\"wp-caption aligncenter\"><a href=\"https:\/\/www.sapere-association.com\/wp-content\/uploads\/2019\/11\/Bild-3_zip.jpg\"><img decoding=\"async\" class=\"wp-image-1057 size-large\" src=\"https:\/\/www.sapere-association.com\/wp-content\/uploads\/2019\/11\/Bild-3_zip-1024x709.jpg\" alt=\"Caroline Reverdy, Einar Risvik, Didier Kariger, Stina Algoston, Jacques Leignel, Arja Lyytik\u00e4inen, Jason O'Rourke\" width=\"678\" height=\"469\" srcset=\"https:\/\/www.sapere-association.com\/wp-content\/uploads\/2019\/11\/Bild-3_zip-1024x709.jpg 1024w, https:\/\/www.sapere-association.com\/wp-content\/uploads\/2019\/11\/Bild-3_zip-300x208.jpg 300w, https:\/\/www.sapere-association.com\/wp-content\/uploads\/2019\/11\/Bild-3_zip-768x532.jpg 768w, https:\/\/www.sapere-association.com\/wp-content\/uploads\/2019\/11\/Bild-3_zip-175x121.jpg 175w\" sizes=\"(max-width: 678px) 100vw, 678px\" \/><\/a><figcaption id=\"caption-attachment-1057\" class=\"wp-caption-text\">Caroline Reverdy, Einar Risvik, Didier Kariger, Stina Algoston, Jacques Leignel, Arja Lyytik\u00e4inen, Jason O&rsquo;Rourke<\/figcaption><\/figure>\n<p style=\"text-align: center;\"><strong>Equipe SAPERE \u00e0 Ecully (FR) le 28 septembre 2017<\/strong><\/p>\n<figure id=\"attachment_864\" aria-describedby=\"caption-attachment-864\" style=\"width: 678px\" class=\"wp-caption aligncenter\"><img decoding=\"async\" class=\"size-large wp-image-864\" src=\"https:\/\/www.sapere-association.com\/wp-content\/uploads\/2019\/02\/Groupe-Eculy-28-09-17-1024x768.jpg\" alt=\"E.P. K\u00f6ster, Jacques Leignel, Roelof Huurneman, Annie Servant, Serge Sixou, Jean-Luc Lalev\u00e9e, B\u00e9atrice Giraud, C\u00e9cile Labarre\" width=\"678\" height=\"509\" srcset=\"https:\/\/www.sapere-association.com\/wp-content\/uploads\/2019\/02\/Groupe-Eculy-28-09-17.jpg 1024w, https:\/\/www.sapere-association.com\/wp-content\/uploads\/2019\/02\/Groupe-Eculy-28-09-17-300x225.jpg 300w, https:\/\/www.sapere-association.com\/wp-content\/uploads\/2019\/02\/Groupe-Eculy-28-09-17-768x576.jpg 768w, https:\/\/www.sapere-association.com\/wp-content\/uploads\/2019\/02\/Groupe-Eculy-28-09-17-800x600.jpg 800w, https:\/\/www.sapere-association.com\/wp-content\/uploads\/2019\/02\/Groupe-Eculy-28-09-17-173x130.jpg 173w\" sizes=\"(max-width: 678px) 100vw, 678px\" \/><figcaption id=\"caption-attachment-864\" class=\"wp-caption-text\">E.P. K\u00f6ster, Jacques Leignel, Roelof Huurneman, Annie Servant, Serge Sixou, Jean-Luc Lalev\u00e9e, B\u00e9atrice Giraud, C\u00e9cile Labarre<\/figcaption><\/figure>\n<p style=\"text-align: center;\"><strong>R\u00e9union SAPERE \u00e0 Washingborough (UK) le 5 octobre 2018<\/strong><\/p>\n<figure id=\"attachment_708\" aria-describedby=\"caption-attachment-708\" style=\"width: 720px\" class=\"wp-caption aligncenter\"><img loading=\"lazy\" decoding=\"async\" class=\"size-full wp-image-708\" src=\"https:\/\/www.sapere-association.com\/wp-content\/uploads\/2018\/11\/43134153_10155876720267081_2887053561554796544_n.jpg\" alt=\"Jason O'Rourke, Stina Algoston, Caroline Reverdy, Einar Risvik, Bee Wilson\" width=\"720\" height=\"960\" srcset=\"https:\/\/www.sapere-association.com\/wp-content\/uploads\/2018\/11\/43134153_10155876720267081_2887053561554796544_n.jpg 720w, https:\/\/www.sapere-association.com\/wp-content\/uploads\/2018\/11\/43134153_10155876720267081_2887053561554796544_n-225x300.jpg 225w, https:\/\/www.sapere-association.com\/wp-content\/uploads\/2018\/11\/43134153_10155876720267081_2887053561554796544_n-98x130.jpg 98w\" sizes=\"(max-width: 720px) 100vw, 720px\" \/><figcaption id=\"caption-attachment-708\" class=\"wp-caption-text\">Jason O&rsquo;Rourke, Stina Algoston, Caroline Reverdy, Einar Risvik, Bee Wilson<\/figcaption><\/figure>\n<p style=\"text-align: center;\"><strong>Jacques Puisais<\/strong><\/p>\n<figure id=\"attachment_868\" aria-describedby=\"caption-attachment-868\" style=\"width: 720px\" class=\"wp-caption aligncenter\"><img loading=\"lazy\" decoding=\"async\" class=\"size-full wp-image-868\" src=\"https:\/\/www.sapere-association.com\/wp-content\/uploads\/2019\/02\/Diapositive1.jpg\" alt=\"Jacques Puisais\" width=\"720\" height=\"540\" srcset=\"https:\/\/www.sapere-association.com\/wp-content\/uploads\/2019\/02\/Diapositive1.jpg 720w, https:\/\/www.sapere-association.com\/wp-content\/uploads\/2019\/02\/Diapositive1-300x225.jpg 300w, https:\/\/www.sapere-association.com\/wp-content\/uploads\/2019\/02\/Diapositive1-173x130.jpg 173w\" sizes=\"(max-width: 720px) 100vw, 720px\" \/><figcaption id=\"caption-attachment-868\" class=\"wp-caption-text\">Jacques Puisais<\/figcaption><\/figure>\n<p style=\"text-align: center;\"><strong>R\u00e9union SAPERE Les Classes du Go\u00fbt le 1 octobre 2019<\/strong><\/p>\n<figure id=\"attachment_1026\" aria-describedby=\"caption-attachment-1026\" style=\"width: 678px\" class=\"wp-caption aligncenter\"><img loading=\"lazy\" decoding=\"async\" class=\"wp-image-1026 size-large\" src=\"https:\/\/www.sapere-association.com\/wp-content\/uploads\/2019\/10\/1oct2019-5-1024x822.png\" alt=\"Laure Mullebrouck, Emmanuelle Janin, Nadine Lemesle, Annie Servant, Jean-Luc Lalev\u00e9e, Jo\u00eblle Reitz, B\u00e9atrice Giraud, Caroline Reverdy, Annick Vidal, Jacques Leignel\" width=\"678\" height=\"544\" srcset=\"https:\/\/www.sapere-association.com\/wp-content\/uploads\/2019\/10\/1oct2019-5-1024x822.png 1024w, https:\/\/www.sapere-association.com\/wp-content\/uploads\/2019\/10\/1oct2019-5-300x241.png 300w, https:\/\/www.sapere-association.com\/wp-content\/uploads\/2019\/10\/1oct2019-5-768x616.png 768w, https:\/\/www.sapere-association.com\/wp-content\/uploads\/2019\/10\/1oct2019-5-162x130.png 162w, https:\/\/www.sapere-association.com\/wp-content\/uploads\/2019\/10\/1oct2019-5.png 1093w\" sizes=\"(max-width: 678px) 100vw, 678px\" \/><figcaption id=\"caption-attachment-1026\" class=\"wp-caption-text\">Laure Mullebrouck, Emmanuelle Janin, Nadine Lemesle, Annie Servant, Jean-Luc Lalev\u00e9e, Jo\u00eblle Reitz, B\u00e9atrice Giraud, Caroline Reverdy, Annick Vidal, Jacques Leignel<\/figcaption><\/figure>\n","protected":false},"excerpt":{"rendered":"<p>TastEd team at Cambridge (UK) 24th October 2019 SAPERE aisbl team at Cambridge (UK) 24th October 2019 Equipe SAPERE \u00e0 Ecully (FR) le 28 septembre 2017 R\u00e9union SAPERE \u00e0 Washingborough (UK) le 5 octobre 2018 Jacques Puisais R\u00e9union SAPERE Les&#8230;<\/p>\n","protected":false},"author":1,"featured_media":0,"parent":87,"menu_order":2,"comment_status":"closed","ping_status":"closed","template":"","meta":{"footnotes":""},"class_list":["post-363","page","type-page","status-publish","hentry"],"acf":[],"_links":{"self":[{"href":"https:\/\/www.sapere-association.com\/fr\/wp-json\/wp\/v2\/pages\/363","targetHints":{"allow":["GET"]}}],"collection":[{"href":"https:\/\/www.sapere-association.com\/fr\/wp-json\/wp\/v2\/pages"}],"about":[{"href":"https:\/\/www.sapere-association.com\/fr\/wp-json\/wp\/v2\/types\/page"}],"author":[{"embeddable":true,"href":"https:\/\/www.sapere-association.com\/fr\/wp-json\/wp\/v2\/users\/1"}],"replies":[{"embeddable":true,"href":"https:\/\/www.sapere-association.com\/fr\/wp-json\/wp\/v2\/comments?post=363"}],"version-history":[{"count":0,"href":"https:\/\/www.sapere-association.com\/fr\/wp-json\/wp\/v2\/pages\/363\/revisions"}],"up":[{"embeddable":true,"href":"https:\/\/www.sapere-association.com\/fr\/wp-json\/wp\/v2\/pages\/87"}],"wp:attachment":[{"href":"https:\/\/www.sapere-association.com\/fr\/wp-json\/wp\/v2\/media?parent=363"}],"curies":[{"name":"wp","href":"https:\/\/api.w.org\/{rel}","templated":true}]}}