{"id":360,"date":"2018-09-11T15:19:17","date_gmt":"2018-09-11T13:19:17","guid":{"rendered":"https:\/\/www.sapere-association.com\/?page_id=360"},"modified":"2023-10-10T20:22:18","modified_gmt":"2023-10-10T18:22:18","slug":"outils-pedagogiques","status":"publish","type":"page","link":"https:\/\/www.sapere-association.com\/fr\/education-sensorielle\/outils-pedagogiques","title":{"rendered":"Outils p\u00e9dagogiques"},"content":{"rendered":"<p><strong>Des outils p\u00e9dagogiques adapt\u00e9s aux pays<\/strong><\/p>\n<p>Les sp\u00e9cificit\u00e9s de chaque pays ont conduit les partenaires de\u00a0<strong>SAPERE<\/strong>\u00a0\u00e0 adapter la m\u00e9thode initiale. Selon la culture nationale, l\u2019\u00e2ge des enfants, les attentes des intervenants, l\u2019organisation des \u00e9coles et les moyens disponibles, les modalit\u00e9s d\u2019apprentissage diff\u00e8rent. Mais pas l\u2019esprit, ni l\u2019objectif. Et dans chaque pays, SAPERE valide l\u2019adaptation de la m\u00e9thode et garantit son efficacit\u00e9.<\/p>\n<figure id=\"attachment_459\" aria-describedby=\"caption-attachment-459\" style=\"width: 150px\" class=\"wp-caption aligncenter\"><img decoding=\"async\" class=\"wp-image-459 size-thumbnail\" src=\"https:\/\/www.sapere-association.com\/wp-content\/uploads\/2018\/09\/LA_MALETTE_Page_1-150x150.jpg\" alt=\"La mallette p\u00e9dagogique SAPERE Les Classes du Go\u00fbt\" width=\"150\" height=\"150\" \/><figcaption id=\"caption-attachment-459\" class=\"wp-caption-text\">La mallette p\u00e9dagogique SAPERE Les Classes du Go\u00fbt<\/figcaption><\/figure>\n<p><strong>En France<\/strong>, une mallette contenant le mat\u00e9riel utile pour r\u00e9aliser les s\u00e9ances dans la classe ou l\u2019atelier (essences pour l\u2019odorat, gants myst\u00e8re pour le toucher, gobelets et coupelles pour go\u00fbter, CD de sons \u00e0 reconna\u00eetre etc..) est donn\u00e9e aux enseignants qui ont suivi la formation d&rsquo;\u00e9ducation au go\u00fbt.<br \/>\nDes fiches p\u00e9dagogiques sont mises \u00e0 disposition pour vous aider dans la conduite de vos ateliers.<\/p>\n<p>Ci-dessous la version francaise du manuel su\u00e9dois, destin\u00e9 aux enseignants du CM1 \u00e0 la 6\u00e8me. Elabor\u00e9 par Stina lgotson et Ulla Hagman, 1\u00e8re \u00e9dition en 2000, nouvelle \u00e9dition su\u00e8doise en 2015 et \u00e9dition fran\u00e7aise en 2020.<\/p>\n<figure id=\"attachment_1438\" aria-describedby=\"caption-attachment-1438\" style=\"width: 150px\" class=\"wp-caption aligncenter\"><a href=\"https:\/\/www.sapere-association.com\/wp-content\/uploads\/2022\/08\/couverture_guide_stina.png\"><img decoding=\"async\" class=\"wp-image-1438 size-thumbnail\" src=\"https:\/\/www.sapere-association.com\/wp-content\/uploads\/2022\/08\/couverture_guide_stina-150x150.png\" alt=\"De la nourriture pour tous les sens\" width=\"150\" height=\"150\" srcset=\"https:\/\/www.sapere-association.com\/wp-content\/uploads\/2022\/08\/couverture_guide_stina-150x150.png 150w, https:\/\/www.sapere-association.com\/wp-content\/uploads\/2022\/08\/couverture_guide_stina-360x360.png 360w\" sizes=\"(max-width: 150px) 100vw, 150px\" \/><\/a><figcaption id=\"caption-attachment-1438\" class=\"wp-caption-text\">De la nourriture pour tous les sens<\/figcaption><\/figure>\n<p><a href=\"https:\/\/www.sapere-association.com\/wp-content\/uploads\/2022\/08\/Guide_France_Suede_SAPERE8.pdf\" target=\"_blank\" rel=\"noopener noreferrer\">Guide en Fran\u00e7ais \u00ab De la Nourriture pour tous les sens, L\u2019\u00e9ducation sensorielle fond\u00e9e sur la m\u00e9thode SAPERE \u00bb. Stina Algotson<\/a><\/p>\n<p><strong>En Finlande<\/strong>, ce document donne les nouvelles recommandations pour la maternelle :\u00a0\u00a0<a href=\"http:\/\/urn.fi\/URN:ISBN:978-952-343-033-4\" target=\"_blank\" rel=\"noopener noreferrer\">http:\/\/urn.fi\/URN:ISBN:978-952-343-033-4<\/a><\/p>\n<p><strong><img decoding=\"async\" class=\"wp-image-673 size-thumbnail aligncenter\" src=\"https:\/\/www.sapere-association.com\/wp-content\/uploads\/2018\/11\/healtandjoy_finland-150x150.jpg\" alt=\"\" width=\"150\" height=\"150\" \/><\/strong><\/p>\n<p>&nbsp;<\/p>\n<p><strong>Aux Pays-Bas<\/strong>, les enseignants sont d\u2019abord familiaris\u00e9s avec la m\u00e9thode lors d\u2019un atelier d\u2019introduction o\u00f9 ils re\u00e7oivent un pack contenant de la documentation et des outils p\u00e9dagogiques \u00e0 utiliser en classe.<\/p>\n<p><strong><img loading=\"lazy\" decoding=\"async\" class=\"size-medium wp-image-579 aligncenter\" src=\"https:\/\/www.sapere-association.com\/wp-content\/uploads\/2018\/11\/Leskist-Smaaklessen-300x159.jpg\" alt=\"\" width=\"300\" height=\"159\" srcset=\"https:\/\/www.sapere-association.com\/wp-content\/uploads\/2018\/11\/Leskist-Smaaklessen-300x159.jpg 300w, https:\/\/www.sapere-association.com\/wp-content\/uploads\/2018\/11\/Leskist-Smaaklessen-768x407.jpg 768w, https:\/\/www.sapere-association.com\/wp-content\/uploads\/2018\/11\/Leskist-Smaaklessen.jpg 973w\" sizes=\"(max-width: 300px) 100vw, 300px\" \/><br \/>\n<\/strong><\/p>\n<p><strong>En Suisse<\/strong>, apr\u00e8s l\u2019obtention du droit d\u2019utilisation du mat\u00e9riel didactique et la formation, les outils disponibles sont depuis le site <a href=\"https:\/\/www.senso5.ch\/\" target=\"_blank\" rel=\"noopener noreferrer\">Senso5<\/a> :<br \/>\n&#8211; Fiches d\u2019activit\u00e9s pour les \u00e9l\u00e8ves<br \/>\n&#8211; Fiches techniques pour les enseignant.e.s<br \/>\n&#8211; Ressources diverses\u00a0: images, mat\u00e9riel sensoriel\u00a0(odeurs, masques, saveurs, bo\u00eetes \u00e0 toucher etc.)<\/p>\n<p><strong>En Su\u00e8de<\/strong>, intitul\u00e9\u00a0<a href=\"https:\/\/www.livsmedelsverket.se\/globalassets\/publikationsdatabas\/broschyrer\/sapere_livsmedelsverket_a4-mindre.pdf\" target=\"_blank\" rel=\"noopener noreferrer\"><em>Mat f\u00f6r alla sinnen \u2013 sensorisk tr\u00e4ning enligt Sapere-metoden<\/em><\/a>\u00a0(<em>Nourriture pour les sens : la formation sensorielle selon la m\u00e9thode Sapere<\/em>), un manuel pour enseignants a \u00e9t\u00e9 publi\u00e9 en 2000 par Stina Algotson et Ulla Hagman.<br \/>\n<a href=\"https:\/\/www.bokus.com\/cgi-bin\/product_search.cgi?ac_used=no&amp;search_word=Sinnenas+skafferi\" target=\"_blank\" rel=\"noopener noreferrer\"><em>Sinnenas Skafferi<\/em><\/a>\u00a0(<em>Les sens et la nourriture<\/em>) de Stina Algotson et \u00c5sa \u00d6str\u00f6m, un autre manuel pour professeurs des \u00e9coles maternelles, a \u00e9galement \u00e9t\u00e9 publi\u00e9 en 2010.<\/p>\n<p><strong>Am\u00e9liorer les outils<\/strong><\/p>\n<p>Gr\u00e2ce aux partages d\u2019exp\u00e9rience des diff\u00e9rents utilisateurs de la m\u00e9thode SAPERE et des scientifiques qui s\u2019int\u00e9ressent \u00e0 l\u2019\u00e9ducation au go\u00fbt nous disposons d\u2019\u00e9l\u00e9ments pour faire \u00e9voluer les outils SAPERE.<\/p>\n<p><strong>Autres ressources\u00a0<\/strong><\/p>\n<p><a href=\"https:\/\/www.sapere-association.com\/wp-content\/uploads\/2019\/09\/Quel_flair_doc_enseignant.pdf\" target=\"_blank\" rel=\"noopener noreferrer\">Mus\u00e9e de la Main UNIL-CHUV_Quel_flair_doc_enseignant<\/a><\/p>\n<p><a href=\"https:\/\/www.sapere-association.com\/wp-content\/uploads\/2020\/02\/DOSSIER_PEDAGOGIQUE_EXPOSITION_A_TOUS_LES_GOUT.pdf\">DOSSIER_PEDAGOGIQUE_EXPOSITION_A_TOUS_LES_GOUT<\/a><\/p>\n<p><a href=\"https:\/\/www.rts.ch\/decouverte\/sante-et-medecine\/corps-humain\/manger-bouger\/\" target=\"_blank\" rel=\"noopener noreferrer\">Dossier de la RTS sur l&rsquo;alimentation<\/a><\/p>\n<p><strong>Eduscol : Minist\u00e8re de l&rsquo;\u00e9ducation nationale et de la jeunesse<\/strong> : <a href=\"https:\/\/eduscol.education.fr\/cid148546\/mises-en-oeuvre-programmes-d-enseignements-dispositifs-cadre-partenarial.html\" target=\"_blank\" rel=\"noopener noreferrer\">page d\u00e9di\u00e9e \u00e0 l&rsquo;\u00e9ducation \u00e0 l&rsquo;alimentation et au go\u00fbt<\/a><\/p>\n<p><a href=\"https:\/\/www.sapere-association.com\/wp-content\/uploads\/2021\/01\/vademecum_education-alimentation_2020-0076_02102020.pdf\">Vademecum de l&rsquo;Education au Gout &#8211; Education Nationale Fran\u00e7aise<\/a><\/p>\n<figure id=\"attachment_1092\" aria-describedby=\"caption-attachment-1092\" style=\"width: 150px\" class=\"wp-caption alignleft\"><a class=\"https:\/\/www.rainbowplate.com\/toolkit-info\" href=\"https:\/\/www.rainbowplate.com\/toolkit-info\" target=\"_blank\" rel=\"https:\/\/www.rainbowplate.com\/toolkit-info noopener noreferrer\"><img loading=\"lazy\" decoding=\"async\" class=\"https:\/\/www.rainbowplate.com\/toolkit-info wp-image-1092 size-thumbnail\" title=\"https:\/\/www.rainbowplate.com\/toolkit-info\" src=\"https:\/\/www.sapere-association.com\/wp-content\/uploads\/2020\/01\/Toolkit_Cover_Final_8.5x11border-150x150.jpg\" alt=\"Rainbow Toolkit\" width=\"150\" height=\"150\" srcset=\"https:\/\/www.sapere-association.com\/wp-content\/uploads\/2020\/01\/Toolkit_Cover_Final_8.5x11border-150x150.jpg 150w, https:\/\/www.sapere-association.com\/wp-content\/uploads\/2020\/01\/Toolkit_Cover_Final_8.5x11border-360x360.jpg 360w\" sizes=\"(max-width: 150px) 100vw, 150px\" \/><\/a><figcaption id=\"caption-attachment-1092\" class=\"wp-caption-text\">Rainbow Toolkit<\/figcaption><\/figure>\n<figure id=\"attachment_1094\" aria-describedby=\"caption-attachment-1094\" style=\"width: 150px\" class=\"wp-caption alignleft\"><a href=\"http:\/\/www.odoratnews.com\/outils-pedagogiques\/\" target=\"_blank\" rel=\"noopener noreferrer\"><img loading=\"lazy\" decoding=\"async\" class=\"wp-image-1094 size-thumbnail\" src=\"https:\/\/www.sapere-association.com\/wp-content\/uploads\/2020\/01\/Capture-d\u2019e\u0301cran-2020-01-08-a\u0300-17.29.51-150x150.png\" alt=\"Video odour perception\" width=\"150\" height=\"150\" srcset=\"https:\/\/www.sapere-association.com\/wp-content\/uploads\/2020\/01\/Capture-d\u2019e\u0301cran-2020-01-08-a\u0300-17.29.51-150x150.png 150w, https:\/\/www.sapere-association.com\/wp-content\/uploads\/2020\/01\/Capture-d\u2019e\u0301cran-2020-01-08-a\u0300-17.29.51-360x360.png 360w\" sizes=\"(max-width: 150px) 100vw, 150px\" \/><\/a><figcaption id=\"caption-attachment-1094\" class=\"wp-caption-text\">Video odour perception<\/figcaption><\/figure>\n<p>&nbsp;<\/p>\n<p>&nbsp;<\/p>\n<p>&nbsp;<\/p>\n<p>&nbsp;<\/p>\n<p>&nbsp;<\/p>\n<p><a href=\"https:\/\/www.rts.ch\/play\/radio\/brouhaha\/audio\/les-aventures-de-millie-d--au-pays-des-brocolis?id=11198441\" target=\"_blank\" rel=\"noopener noreferrer\">Conte audio : Les aventures de Millie D. au pays des brocolis<\/a><\/p>\n<p>&nbsp;<\/p>\n","protected":false},"excerpt":{"rendered":"<p>Des outils p\u00e9dagogiques adapt\u00e9s aux pays Les sp\u00e9cificit\u00e9s de chaque pays ont conduit les partenaires de\u00a0SAPERE\u00a0\u00e0 adapter la m\u00e9thode initiale. Selon la culture nationale, l\u2019\u00e2ge des enfants, les attentes des intervenants, l\u2019organisation des \u00e9coles et les moyens disponibles, les modalit\u00e9s&#8230;<\/p>\n","protected":false},"author":1,"featured_media":597,"parent":358,"menu_order":3,"comment_status":"closed","ping_status":"closed","template":"","meta":{"footnotes":""},"class_list":["post-360","page","type-page","status-publish","has-post-thumbnail","hentry"],"acf":[],"_links":{"self":[{"href":"https:\/\/www.sapere-association.com\/fr\/wp-json\/wp\/v2\/pages\/360","targetHints":{"allow":["GET"]}}],"collection":[{"href":"https:\/\/www.sapere-association.com\/fr\/wp-json\/wp\/v2\/pages"}],"about":[{"href":"https:\/\/www.sapere-association.com\/fr\/wp-json\/wp\/v2\/types\/page"}],"author":[{"embeddable":true,"href":"https:\/\/www.sapere-association.com\/fr\/wp-json\/wp\/v2\/users\/1"}],"replies":[{"embeddable":true,"href":"https:\/\/www.sapere-association.com\/fr\/wp-json\/wp\/v2\/comments?post=360"}],"version-history":[{"count":0,"href":"https:\/\/www.sapere-association.com\/fr\/wp-json\/wp\/v2\/pages\/360\/revisions"}],"up":[{"embeddable":true,"href":"https:\/\/www.sapere-association.com\/fr\/wp-json\/wp\/v2\/pages\/358"}],"wp:featuredmedia":[{"embeddable":true,"href":"https:\/\/www.sapere-association.com\/fr\/wp-json\/wp\/v2\/media\/597"}],"wp:attachment":[{"href":"https:\/\/www.sapere-association.com\/fr\/wp-json\/wp\/v2\/media?parent=360"}],"curies":[{"name":"wp","href":"https:\/\/api.w.org\/{rel}","templated":true}]}}