{"id":358,"date":"2018-09-11T15:18:37","date_gmt":"2018-09-11T13:18:37","guid":{"rendered":"https:\/\/www.sapere-association.com\/?page_id=358"},"modified":"2018-12-16T23:32:26","modified_gmt":"2018-12-16T22:32:26","slug":"education-sensorielle","status":"publish","type":"page","link":"https:\/\/www.sapere-association.com\/fr\/education-sensorielle","title":{"rendered":"L&rsquo;\u00e9ducation sensorielle"},"content":{"rendered":"<p><span style=\"color: #000000;\">SAPERE est n\u00e9 de la conviction que l\u2019\u00e9ducation au go\u00fbt favorise la sant\u00e9.<\/span><br \/>\n<span style=\"color: #000000;\">Nous pensons qu\u2019\u00e9veiller des jeunes enfants \u00e0 la connaissance et au plaisir d\u2019une alimentation vari\u00e9e et \u00e9quilibr\u00e9e, c\u2019est leur assurer les bases d\u2019un \u00e9quilibre alimentaire durable.<\/span><br \/>\n<span style=\"color: #000000;\">Pour cela, SAPERE a choisi d\u2019intervenir dans le cadre scolaire et p\u00e9riscolaire.<\/span><\/p>\n<p>Cette \u00e9ducation au go\u00fbt s&rsquo;organise selon une <a href=\"https:\/\/www.sapere-association.com\/fr\/education-sensorielle\/methode\" target=\"_blank\" rel=\"noopener\">m\u00e9thode<\/a> SAPERE et avec des <a href=\"https:\/\/www.sapere-association.com\/fr\/education-sensorielle\/outils-pedagogiques\" target=\"_blank\" rel=\"noopener\">outils p\u00e9dagogiques<\/a>\u00a0d\u00e9di\u00e9s.<\/p>\n<p>Cette m\u00e9thode se transmet par des <a href=\"https:\/\/www.sapere-association.com\/fr\/education-sensorielle\/formation\" target=\"_blank\" rel=\"noopener\">formations<\/a> organis\u00e9es par SAPERE.<\/p>\n<p>Nous favorisons aussi les <a href=\"https:\/\/www.sapere-association.com\/fr\/education-sensorielle\/recherche\" target=\"_blank\" rel=\"noopener\">\u00e9tudes scientifiques<\/a> qui permettent d&rsquo;\u00e9valuer les effets de cette \u00e9ducation au go\u00fbt.<\/p>\n<p>Vous pouvez aussi t\u00e9l\u00e9charger notre <a href=\"https:\/\/www.sapere-association.com\/wp-content\/uploads\/2018\/11\/depliant_SAPERE_LesClassesduGout.pdf\">d\u00e9pliant<\/a>.<\/p>\n","protected":false},"excerpt":{"rendered":"<p>SAPERE est n\u00e9 de la conviction que l\u2019\u00e9ducation au go\u00fbt favorise la sant\u00e9. Nous pensons qu\u2019\u00e9veiller des jeunes enfants \u00e0 la connaissance et au plaisir d\u2019une alimentation vari\u00e9e et \u00e9quilibr\u00e9e, c\u2019est leur assurer les bases d\u2019un \u00e9quilibre alimentaire durable. Pour&#8230;<\/p>\n","protected":false},"author":1,"featured_media":655,"parent":0,"menu_order":19,"comment_status":"closed","ping_status":"closed","template":"","meta":{"footnotes":""},"class_list":["post-358","page","type-page","status-publish","has-post-thumbnail","hentry"],"acf":[],"_links":{"self":[{"href":"https:\/\/www.sapere-association.com\/fr\/wp-json\/wp\/v2\/pages\/358","targetHints":{"allow":["GET"]}}],"collection":[{"href":"https:\/\/www.sapere-association.com\/fr\/wp-json\/wp\/v2\/pages"}],"about":[{"href":"https:\/\/www.sapere-association.com\/fr\/wp-json\/wp\/v2\/types\/page"}],"author":[{"embeddable":true,"href":"https:\/\/www.sapere-association.com\/fr\/wp-json\/wp\/v2\/users\/1"}],"replies":[{"embeddable":true,"href":"https:\/\/www.sapere-association.com\/fr\/wp-json\/wp\/v2\/comments?post=358"}],"version-history":[{"count":0,"href":"https:\/\/www.sapere-association.com\/fr\/wp-json\/wp\/v2\/pages\/358\/revisions"}],"wp:featuredmedia":[{"embeddable":true,"href":"https:\/\/www.sapere-association.com\/fr\/wp-json\/wp\/v2\/media\/655"}],"wp:attachment":[{"href":"https:\/\/www.sapere-association.com\/fr\/wp-json\/wp\/v2\/media?parent=358"}],"curies":[{"name":"wp","href":"https:\/\/api.w.org\/{rel}","templated":true}]}}