{"id":334,"date":"2018-09-05T14:47:02","date_gmt":"2018-09-05T12:47:02","guid":{"rendered":"https:\/\/www.sapere-association.com\/?page_id=334"},"modified":"2018-11-14T15:38:34","modified_gmt":"2018-11-14T14:38:34","slug":"evenements-passes","status":"publish","type":"page","link":"https:\/\/www.sapere-association.com\/fr\/evenements\/evenements-passes","title":{"rendered":"\u00c9v\u00e9nements pass\u00e9s"},"content":{"rendered":"","protected":false},"excerpt":{"rendered":"","protected":false},"author":1,"featured_media":668,"parent":333,"menu_order":2,"comment_status":"closed","ping_status":"closed","template":"page-templates\/past-events.php","meta":{"footnotes":""},"class_list":["post-334","page","type-page","status-publish","has-post-thumbnail","hentry"],"acf":[],"_links":{"self":[{"href":"https:\/\/www.sapere-association.com\/fr\/wp-json\/wp\/v2\/pages\/334","targetHints":{"allow":["GET"]}}],"collection":[{"href":"https:\/\/www.sapere-association.com\/fr\/wp-json\/wp\/v2\/pages"}],"about":[{"href":"https:\/\/www.sapere-association.com\/fr\/wp-json\/wp\/v2\/types\/page"}],"author":[{"embeddable":true,"href":"https:\/\/www.sapere-association.com\/fr\/wp-json\/wp\/v2\/users\/1"}],"replies":[{"embeddable":true,"href":"https:\/\/www.sapere-association.com\/fr\/wp-json\/wp\/v2\/comments?post=334"}],"version-history":[{"count":0,"href":"https:\/\/www.sapere-association.com\/fr\/wp-json\/wp\/v2\/pages\/334\/revisions"}],"up":[{"embeddable":true,"href":"https:\/\/www.sapere-association.com\/fr\/wp-json\/wp\/v2\/pages\/333"}],"wp:featuredmedia":[{"embeddable":true,"href":"https:\/\/www.sapere-association.com\/fr\/wp-json\/wp\/v2\/media\/668"}],"wp:attachment":[{"href":"https:\/\/www.sapere-association.com\/fr\/wp-json\/wp\/v2\/media?parent=334"}],"curies":[{"name":"wp","href":"https:\/\/api.w.org\/{rel}","templated":true}]}}