{"id":300,"date":"2018-09-04T12:23:05","date_gmt":"2018-09-04T10:23:05","guid":{"rendered":"https:\/\/www.sapere-association.com\/?page_id=300"},"modified":"2021-09-10T21:13:58","modified_gmt":"2021-09-10T19:13:58","slug":"comment-devenir-membre","status":"publish","type":"page","link":"https:\/\/www.sapere-association.com\/fr\/a-propos\/comment-devenir-membre","title":{"rendered":"Comment devenir membre ?"},"content":{"rendered":"<p>Vous \u00eates porteur d\u2019un projet d\u2019\u00e9ducation au go\u00fbt ?<br \/>\nVous souhaitez animer un projet Sapere dans votre classe, votre \u00e9tablissement ?<br \/>\nVous voulez associer votre entreprise \u00e0 cette d\u00e9marche citoyenne ?<br \/>\nVous disposez de connaissances, d\u2019une exp\u00e9rience significative de l\u2019apprentissage du go\u00fbt ?<br \/>\nVous d\u00e9sirez soutenir notre association ?<\/p>\n<p>\u2026alors contactez-nous pour devenir partenaire de projet et rejoindre le r\u00e9seau SAPERE.<\/p>\n<p><strong>A l&rsquo;international \u2013 SAPERE aisbl\u00a0<\/strong>:\u00a0<a class=\"mail-link\" data-enc-email=\"zrzore[at]fncrer-nffbpvngvba.pbz\" data-wpel-link=\"ignore\"><span class=\"\">member@sapere-association.com<\/span><\/a><\/p>\n<div>\n<p>Si vous souhaitez <span style=\"text-decoration: underline;\">devenir membre de SAPERE International<\/span>, compl\u00e9tez le formulaire <a href=\"https:\/\/www.sapere-association.com\/wp-content\/uploads\/2020\/07\/Application-form-to-become-a-member_SAPERE-international2.docx\" target=\"_blank\" rel=\"noopener noreferrer\">Application form document<\/a>. Votre candidature sera \u00e9valu\u00e9e par notre bureau et vous recevrez une r\u00e9ponse dans les prochaines semaines.<\/p>\n<\/div>\n<div>Si vous souhaitez <span style=\"text-decoration: underline;\">faire un don \u00e0 SAPERE International<\/span>, voici les coordonn\u00e9es bancaires pour un virement :<br \/>\nIBAN : BE 53 3751 0212 8753<br \/>\nBIC : BBRUBEBB<\/div>\n<div>\n<hr \/>\n<p><strong>Pour la France &#8211; SAPERE Les\u00a0 Classes du Go\u00fbt :\u00a0<\/strong>france@sapere-association.com<\/p>\n<p>Si vous souhaitez devenir membre de SAPERE France Les Classes du Go\u00fbt ou faire un don, voici notre <a href=\"https:\/\/www.helloasso.com\/associations\/sapere-les-classes-du-gout\/adhesions\/adhesion\" target=\"_blank\" rel=\"noopener noreferrer\">compte HelloAsso<\/a>.<\/p>\n<\/div>\n","protected":false},"excerpt":{"rendered":"<p>Vous \u00eates porteur d\u2019un projet d\u2019\u00e9ducation au go\u00fbt ? Vous souhaitez animer un projet Sapere dans votre classe, votre \u00e9tablissement ? Vous voulez associer votre entreprise \u00e0 cette d\u00e9marche citoyenne ? Vous disposez de connaissances, d\u2019une exp\u00e9rience significative de l\u2019apprentissage&#8230;<\/p>\n","protected":false},"author":1,"featured_media":666,"parent":275,"menu_order":2,"comment_status":"closed","ping_status":"closed","template":"","meta":{"footnotes":""},"class_list":["post-300","page","type-page","status-publish","has-post-thumbnail","hentry"],"acf":[],"_links":{"self":[{"href":"https:\/\/www.sapere-association.com\/fr\/wp-json\/wp\/v2\/pages\/300","targetHints":{"allow":["GET"]}}],"collection":[{"href":"https:\/\/www.sapere-association.com\/fr\/wp-json\/wp\/v2\/pages"}],"about":[{"href":"https:\/\/www.sapere-association.com\/fr\/wp-json\/wp\/v2\/types\/page"}],"author":[{"embeddable":true,"href":"https:\/\/www.sapere-association.com\/fr\/wp-json\/wp\/v2\/users\/1"}],"replies":[{"embeddable":true,"href":"https:\/\/www.sapere-association.com\/fr\/wp-json\/wp\/v2\/comments?post=300"}],"version-history":[{"count":0,"href":"https:\/\/www.sapere-association.com\/fr\/wp-json\/wp\/v2\/pages\/300\/revisions"}],"up":[{"embeddable":true,"href":"https:\/\/www.sapere-association.com\/fr\/wp-json\/wp\/v2\/pages\/275"}],"wp:featuredmedia":[{"embeddable":true,"href":"https:\/\/www.sapere-association.com\/fr\/wp-json\/wp\/v2\/media\/666"}],"wp:attachment":[{"href":"https:\/\/www.sapere-association.com\/fr\/wp-json\/wp\/v2\/media?parent=300"}],"curies":[{"name":"wp","href":"https:\/\/api.w.org\/{rel}","templated":true}]}}