{"id":3,"date":"2018-06-18T11:09:20","date_gmt":"2018-06-18T09:09:20","guid":{"rendered":"https:\/\/www.sapere-association.com\/?page_id=3"},"modified":"2019-07-17T15:43:13","modified_gmt":"2019-07-17T13:43:13","slug":"politique-de-confidentialite","status":"publish","type":"page","link":"https:\/\/www.sapere-association.com\/fr\/politique-de-confidentialite","title":{"rendered":"Politique de confidentialit\u00e9"},"content":{"rendered":"<h2>Qui sommes-nous\u00a0?<\/h2>\n<p>L\u2019adresse de notre site Web est\u00a0: <a href=\"https:\/\/www.sapere-asso.fr\">https:\/\/www.sapere-asso.fr<\/a> et <a href=\"https:\/\/www.sensoryfoodeducation.com\">https:\/\/www.sensoryfoodeducation.com<\/a>\u00a0et\u00a0<a href=\"https:\/\/www.sapere-association.com\/\" target=\"_blank\" rel=\"noopener\">https:\/\/www.sapere-association.com\/<\/a>.<\/p>\n<p>Notre adresse postale est\u00a0:<\/p>\n<p><strong>SAPERE international<\/strong><\/p>\n<p>Sapere Association Internationale Sans But Lucratif (AISBL)<br \/>\nAvenue de la Couronne 8<br \/>\nB-1050 Bruxelles<\/p>\n<h2>Utilisation des donn\u00e9es personnelles collect\u00e9es<\/h2>\n<h3>Commentaires et formulaires<\/h3>\n<p style=\"font-weight: 400;\">L\u2019association SAPERE INTERNATIONAL, responsable de traitement, met en \u0153uvre un traitement de donn\u00e9es \u00e0 caract\u00e8re personnel vous concernant pour le suivi et la gestion de votre adh\u00e9sion et des activit\u00e9s de l\u2019association.<\/p>\n<p style=\"font-weight: 400;\">Les donn\u00e9es \u00e0 caract\u00e8re personnel collect\u00e9es sont indispensables \u00e0 ce traitement et ne sont destin\u00e9es qu\u2019\u00e0 l\u2019association, ainsi que le cas \u00e9ch\u00e9ant, \u00e0 ses sous-traitants ou prestataires pour les m\u00eames finalit\u00e9s.<\/p>\n<p style=\"font-weight: 400;\">Le traitement de vos donn\u00e9es personnelles est fond\u00e9 sur l\u2019int\u00e9r\u00eat l\u00e9gitime de l\u2019association SAPERE INTERNATIONAL \u00e0 \u00a0proc\u00e9der \u00e0 la gestion de ses adh\u00e9rents et des activit\u00e9s de l\u2019association.<\/p>\n<p style=\"font-weight: 400;\">Nous vous informons que les donn\u00e9es que vous nous avez communiqu\u00e9es sont conserv\u00e9es durant votre adh\u00e9sion et jusqu\u2019\u00e0 trois ans apr\u00e8s celle-ci.<\/p>\n<p style=\"font-weight: 400;\">Conform\u00e9ment au r\u00e8glement g\u00e9n\u00e9ral pour la protection des donn\u00e9es \u00e0 caract\u00e8re personnel, vous disposez d\u2019un droit d\u2019acc\u00e8s, de rectification et d\u2019effacement, d\u2019un droit de limitation du traitement, d\u2019un droit d\u2019opposition au traitement d\u2019un droit \u00e0 la portabilit\u00e9 des donn\u00e9es.<\/p>\n<p style=\"font-weight: 400;\">Ces droits peuvent \u00eatre exerc\u00e9s aupr\u00e8s de l\u2019association, par mail \u00e0 l\u2019adresse\u00a0<a href=\"mailto:privacy@sapere-association.com\">privacy@sapere-association.com<\/a>.<\/p>\n<p style=\"font-weight: 400;\">Vous disposez \u00e9galement du droit d\u2019introduire une r\u00e9clamation aupr\u00e8s de l\u2019autorit\u00e9 de contr\u00f4le Belge (APD\u00a0: Autorit\u00e9 de Protection des Donn\u00e9es) \u00a0si vous estimez que le traitement mis en \u0153uvre contrevient aux r\u00e9glementations en vigueur.<\/p>\n<h3>M\u00e9dias<\/h3>\n<p>Pour transmettre des m\u00e9dias, ils seront d\u2019abord envoy\u00e9s par mail aux \u00e9diteurs de ce site.<\/p>\n<h2>Cookies<\/h2>\n<p>Si vous avez un compte et que vous vous connectez sur ce site, un cookie sera cr\u00e9\u00e9 afin de d\u00e9terminer si votre navigateur accepte les cookies. Il ne contient pas de donn\u00e9es personnelles et sera supprim\u00e9 automatiquement apr\u00e8s une ann\u00e9e. Ce sera la m\u00eame dur\u00e9e pour le cookie qui permet de faire fonctionner le site en multi-langue et de conna\u00eetre la langue en cours.<\/p>\n<p>Si vous avez acc\u00e8s \u00e0 la partie \u00ab\u00a0R\u00e9seau-priv\u00e9\u00a0\u00bb\u00a0:<\/p>\n<p>Lorsque vous vous connecterez, nous mettrons en place un certain nombre de cookies pour enregistrer vos informations de connexion et vos pr\u00e9f\u00e9rences d\u2019\u00e9cran. La dur\u00e9e de vie d\u2019un cookie de connexion expire \u00e0 la fermeture du navigateur.\u00a0Si vous cochez \u00ab\u00a0Se souvenir de moi\u00a0\u00bb, votre cookie de connexion sera conserv\u00e9 par votre navigateur et supprimer \u00e0 la fin de la session pour notre site. Si vous vous d\u00e9connectez de votre compte, le cookie de connexion sera effac\u00e9.<\/p>\n<p>Si vous \u00eates \u00e9diteur sur ce site\u00a0:<\/p>\n<p>En modifiant ou en publiant un article, un cookie suppl\u00e9mentaire sera enregistr\u00e9 dans votre navigateur. Ce cookie ne comprend aucune donn\u00e9e personnelle. Il indique simplement l\u2019identifiant de l\u2019article que vous venez de modifier. Il expire au bout d\u2019un jour.<\/p>\n<p><span style=\"text-decoration: underline;\">Tableau descriptif des cookies utilis\u00e9s par wordpress<\/span><\/p>\n<p><img fetchpriority=\"high\" decoding=\"async\" class=\"aligncenter size-full wp-image-960\" src=\"https:\/\/www.sapere-association.com\/wp-content\/uploads\/2019\/07\/tableau_cookie_wordpress-1.jpg\" alt=\"\" width=\"720\" height=\"350\" srcset=\"https:\/\/www.sapere-association.com\/wp-content\/uploads\/2019\/07\/tableau_cookie_wordpress-1.jpg 720w, https:\/\/www.sapere-association.com\/wp-content\/uploads\/2019\/07\/tableau_cookie_wordpress-1-300x146.jpg 300w, https:\/\/www.sapere-association.com\/wp-content\/uploads\/2019\/07\/tableau_cookie_wordpress-1-175x85.jpg 175w\" sizes=\"(max-width: 720px) 100vw, 720px\" \/><\/p>\n<h2>Contenu embarqu\u00e9 depuis d\u2019autres sites<\/h2>\n<p>Les articles de ce site peuvent inclure des contenus int\u00e9gr\u00e9s (par exemple des vid\u00e9os, images, articles\u2026). Le contenu int\u00e9gr\u00e9 depuis d\u2019autres sites se comporte de la m\u00eame mani\u00e8re que si le visiteur se rendait sur cet autre site.<\/p>\n<p>Ces sites web pourraient collecter des donn\u00e9es sur vous, utiliser des cookies, embarquer des outils de suivis tiers, suivre vos interactions avec ces contenus embarqu\u00e9s si vous disposez d\u2019un compte connect\u00e9 sur leur site web.<\/p>\n<h2>Statistiques et mesures d\u2019audience<\/h2>\n<p>Selon les cookies de Google Analytics.<\/p>\n<p><span style=\"text-decoration: underline;\">Tableau descriptif des cookies utilis\u00e9s par Google Analytics<\/span><\/p>\n<p><img decoding=\"async\" class=\"aligncenter size-full wp-image-962\" src=\"https:\/\/www.sapere-association.com\/wp-content\/uploads\/2019\/07\/tableau_cookie_google_analytics.jpg\" alt=\"\" width=\"720\" height=\"480\" srcset=\"https:\/\/www.sapere-association.com\/wp-content\/uploads\/2019\/07\/tableau_cookie_google_analytics.jpg 720w, https:\/\/www.sapere-association.com\/wp-content\/uploads\/2019\/07\/tableau_cookie_google_analytics-300x200.jpg 300w, https:\/\/www.sapere-association.com\/wp-content\/uploads\/2019\/07\/tableau_cookie_google_analytics-175x117.jpg 175w\" sizes=\"(max-width: 720px) 100vw, 720px\" \/><\/p>\n<p>&nbsp;<\/p>\n<p>&nbsp;<\/p>\n","protected":false},"excerpt":{"rendered":"<p>Qui sommes-nous\u00a0? L\u2019adresse de notre site Web est\u00a0: https:\/\/www.sapere-asso.fr et https:\/\/www.sensoryfoodeducation.com\u00a0et\u00a0https:\/\/www.sapere-association.com\/. Notre adresse postale est\u00a0: SAPERE international Sapere Association Internationale Sans But Lucratif (AISBL) Avenue de la Couronne 8 B-1050 Bruxelles Utilisation des donn\u00e9es personnelles collect\u00e9es Commentaires et formulaires L\u2019association&#8230;<\/p>\n","protected":false},"author":1,"featured_media":0,"parent":0,"menu_order":35,"comment_status":"closed","ping_status":"closed","template":"","meta":{"footnotes":""},"class_list":["post-3","page","type-page","status-publish","hentry"],"acf":[],"_links":{"self":[{"href":"https:\/\/www.sapere-association.com\/fr\/wp-json\/wp\/v2\/pages\/3","targetHints":{"allow":["GET"]}}],"collection":[{"href":"https:\/\/www.sapere-association.com\/fr\/wp-json\/wp\/v2\/pages"}],"about":[{"href":"https:\/\/www.sapere-association.com\/fr\/wp-json\/wp\/v2\/types\/page"}],"author":[{"embeddable":true,"href":"https:\/\/www.sapere-association.com\/fr\/wp-json\/wp\/v2\/users\/1"}],"replies":[{"embeddable":true,"href":"https:\/\/www.sapere-association.com\/fr\/wp-json\/wp\/v2\/comments?post=3"}],"version-history":[{"count":0,"href":"https:\/\/www.sapere-association.com\/fr\/wp-json\/wp\/v2\/pages\/3\/revisions"}],"wp:attachment":[{"href":"https:\/\/www.sapere-association.com\/fr\/wp-json\/wp\/v2\/media?parent=3"}],"curies":[{"name":"wp","href":"https:\/\/api.w.org\/{rel}","templated":true}]}}