{"id":290,"date":"2018-09-04T11:36:12","date_gmt":"2018-09-04T09:36:12","guid":{"rendered":"https:\/\/www.sapere-association.com\/?page_id=290"},"modified":"2019-05-22T20:02:42","modified_gmt":"2019-05-22T18:02:42","slug":"sapere-en-suisse","status":"publish","type":"page","link":"https:\/\/www.sapere-association.com\/fr\/a-propos\/membres-sapere\/sapere-en-suisse","title":{"rendered":"SAPERE en Suisse"},"content":{"rendered":"<p>En Suisse, l\u2019apprentissage du go\u00fbt est int\u00e9gr\u00e9 dans une approche large de l\u2019\u00e9ducation \u00e0 l\u2019alimentation.<\/p>\n<p>L\u2019\u00e9ducation \u00e0 l\u2019alimentation par l\u2019approche sensorielle\u00a0(Senso5) en milieu scolaire a commenc\u00e9 en Suisse en 2003, avec une exp\u00e9rience pilote men\u00e9e dans le canton du Valais.<\/p>\n<p>Suite au succ\u00e8s de cette premi\u00e8re phase, la\u00a0fondation Senso5\u00a0a \u00e9t\u00e9 cr\u00e9\u00e9e en 2012. Fondation d\u2019utilit\u00e9 publique, \u00e0 but non lucratif, elle a pour objectif principal d\u2019agir dans le domaine de la promotion de la sant\u00e9 afin de d\u00e9velopper un\u00a0rapport sain \u00e0 l\u2019alimentation.<\/p>\n<p>Senso5 d\u00e9veloppe \u00e9galement un programme en faveur des personnes \u00e2g\u00e9es.<\/p>\n<div class=\"embed-container\"><iframe width=\"678\" height=\"381\" src=\"https:\/\/www.youtube.com\/embed\/qKjlQ948ao4?feature=oembed\" frameborder=\"0\" allow=\"accelerometer; autoplay; encrypted-media; gyroscope; picture-in-picture\" allowfullscreen><\/iframe><\/div>\n","protected":false},"excerpt":{"rendered":"<p>En Suisse, l\u2019apprentissage du go\u00fbt est int\u00e9gr\u00e9 dans une approche large de l\u2019\u00e9ducation \u00e0 l\u2019alimentation. L\u2019\u00e9ducation \u00e0 l\u2019alimentation par l\u2019approche sensorielle\u00a0(Senso5) en milieu scolaire a commenc\u00e9 en Suisse en 2003, avec une exp\u00e9rience pilote men\u00e9e dans le canton du Valais&#8230;.<\/p>\n","protected":false},"author":1,"featured_media":653,"parent":276,"menu_order":0,"comment_status":"closed","ping_status":"closed","template":"page-templates\/country-page.php","meta":{"footnotes":""},"class_list":["post-290","page","type-page","status-publish","has-post-thumbnail","hentry"],"acf":[],"_links":{"self":[{"href":"https:\/\/www.sapere-association.com\/fr\/wp-json\/wp\/v2\/pages\/290","targetHints":{"allow":["GET"]}}],"collection":[{"href":"https:\/\/www.sapere-association.com\/fr\/wp-json\/wp\/v2\/pages"}],"about":[{"href":"https:\/\/www.sapere-association.com\/fr\/wp-json\/wp\/v2\/types\/page"}],"author":[{"embeddable":true,"href":"https:\/\/www.sapere-association.com\/fr\/wp-json\/wp\/v2\/users\/1"}],"replies":[{"embeddable":true,"href":"https:\/\/www.sapere-association.com\/fr\/wp-json\/wp\/v2\/comments?post=290"}],"version-history":[{"count":0,"href":"https:\/\/www.sapere-association.com\/fr\/wp-json\/wp\/v2\/pages\/290\/revisions"}],"up":[{"embeddable":true,"href":"https:\/\/www.sapere-association.com\/fr\/wp-json\/wp\/v2\/pages\/276"}],"wp:featuredmedia":[{"embeddable":true,"href":"https:\/\/www.sapere-association.com\/fr\/wp-json\/wp\/v2\/media\/653"}],"wp:attachment":[{"href":"https:\/\/www.sapere-association.com\/fr\/wp-json\/wp\/v2\/media?parent=290"}],"curies":[{"name":"wp","href":"https:\/\/api.w.org\/{rel}","templated":true}]}}