{"id":288,"date":"2018-09-04T11:33:17","date_gmt":"2018-09-04T09:33:17","guid":{"rendered":"https:\/\/www.sapere-association.com\/?page_id=288"},"modified":"2019-06-05T11:38:07","modified_gmt":"2019-06-05T09:38:07","slug":"sapere-in-netherlands","status":"publish","type":"page","link":"https:\/\/www.sapere-association.com\/fr\/a-propos\/membres-sapere\/sapere-in-netherlands","title":{"rendered":"SAPERE aux Pays-Bas"},"content":{"rendered":"<p>Depuis 2006, l\u2019\u00e9ducation au go\u00fbt des enfants des \u00e9coles primaires fait l\u2019objet du programme \u00ab\u00a0Smaakklessen\u00a0\u00bb, inspir\u00e9 par la m\u00e9thode SAPERE. D\u00e9ploy\u00e9 dans 4500 \u00e9coles, il s\u2019adresse aux enfants entre 4 et 12 ans. R\u00e9cemment, Smaaklessen a \u00e9t\u00e9 pr\u00e9sent\u00e9 comme le premier programme d\u2019\u00e9ducation efficace sur le go\u00fbt et la nourriture aux Pays-Bas.<\/p>\n<div class=\"embed-container\"><iframe width=\"678\" height=\"381\" src=\"https:\/\/www.youtube.com\/embed\/0EUiCYZhs4E?feature=oembed\" frameborder=\"0\" allow=\"accelerometer; autoplay; encrypted-media; gyroscope; picture-in-picture\" allowfullscreen><\/iframe><\/div>\n","protected":false},"excerpt":{"rendered":"<p>Depuis 2006, l\u2019\u00e9ducation au go\u00fbt des enfants des \u00e9coles primaires fait l\u2019objet du programme \u00ab\u00a0Smaakklessen\u00a0\u00bb, inspir\u00e9 par la m\u00e9thode SAPERE. D\u00e9ploy\u00e9 dans 4500 \u00e9coles, il s\u2019adresse aux enfants entre 4 et 12 ans. R\u00e9cemment, Smaaklessen a \u00e9t\u00e9 pr\u00e9sent\u00e9 comme le&#8230;<\/p>\n","protected":false},"author":1,"featured_media":754,"parent":276,"menu_order":0,"comment_status":"closed","ping_status":"closed","template":"page-templates\/country-page.php","meta":{"footnotes":""},"class_list":["post-288","page","type-page","status-publish","has-post-thumbnail","hentry"],"acf":[],"_links":{"self":[{"href":"https:\/\/www.sapere-association.com\/fr\/wp-json\/wp\/v2\/pages\/288","targetHints":{"allow":["GET"]}}],"collection":[{"href":"https:\/\/www.sapere-association.com\/fr\/wp-json\/wp\/v2\/pages"}],"about":[{"href":"https:\/\/www.sapere-association.com\/fr\/wp-json\/wp\/v2\/types\/page"}],"author":[{"embeddable":true,"href":"https:\/\/www.sapere-association.com\/fr\/wp-json\/wp\/v2\/users\/1"}],"replies":[{"embeddable":true,"href":"https:\/\/www.sapere-association.com\/fr\/wp-json\/wp\/v2\/comments?post=288"}],"version-history":[{"count":0,"href":"https:\/\/www.sapere-association.com\/fr\/wp-json\/wp\/v2\/pages\/288\/revisions"}],"up":[{"embeddable":true,"href":"https:\/\/www.sapere-association.com\/fr\/wp-json\/wp\/v2\/pages\/276"}],"wp:featuredmedia":[{"embeddable":true,"href":"https:\/\/www.sapere-association.com\/fr\/wp-json\/wp\/v2\/media\/754"}],"wp:attachment":[{"href":"https:\/\/www.sapere-association.com\/fr\/wp-json\/wp\/v2\/media?parent=288"}],"curies":[{"name":"wp","href":"https:\/\/api.w.org\/{rel}","templated":true}]}}