{"id":286,"date":"2018-09-04T11:35:18","date_gmt":"2018-09-04T09:35:18","guid":{"rendered":"https:\/\/www.sapere-association.com\/?page_id=286"},"modified":"2021-10-28T13:39:55","modified_gmt":"2021-10-28T11:39:55","slug":"sapere-en-finlande","status":"publish","type":"page","link":"https:\/\/www.sapere-association.com\/fr\/a-propos\/membres-sapere\/sapere-en-finlande","title":{"rendered":"SAPERE en Finlande"},"content":{"rendered":"<p>Dans la ville de Jyv\u00e4skyl\u00e4, la methode SAPERE fait partie de l&rsquo;\u00e9ducation alimentaire et nutritionnelle dans les maternelles. Voir le guide d&rsquo;Aila Kointinen et Leena Ruhanen, 2009, <a href=\"https:\/\/peda.net\/hankkeet\/sapere\/sjo\/ojdl\" target=\"_blank\" rel=\"noopener noreferrer\">disponible ici<\/a> (en finlandais ou en anglais).<\/p>\n<div class=\"embed-container\"><iframe title=\"Sapere-metoden\" src=\"https:\/\/player.vimeo.com\/video\/36146322?h=8289311579&amp;dnt=1&amp;app_id=122963\" width=\"678\" height=\"381\" frameborder=\"0\" allow=\"autoplay; fullscreen; picture-in-picture\" allowfullscreen><\/iframe><\/div>\n<h4>RuokaTutka Taste School : vid\u00e9os avec sous-titres en anglais<\/h4>\n<p>Cliquez sur le lien suivant : <a href=\"https:\/\/www.ruokatutka.fi\/taste-school\/\" target=\"_blank\" rel=\"noopener noreferrer\">https:\/\/www.ruokatutka.fi\/taste-school\/<\/a><\/p>\n<figure id=\"attachment_1347\" aria-describedby=\"caption-attachment-1347\" style=\"width: 1279px\" class=\"wp-caption aligncenter\"><a href=\"https:\/\/www.sapere-association.com\/wp-content\/uploads\/2021\/10\/Capture-de\u0301cran-2021-10-28-a\u0300-13.36.30.png\"><img fetchpriority=\"high\" decoding=\"async\" class=\"size-full wp-image-1347\" src=\"https:\/\/www.sapere-association.com\/wp-content\/uploads\/2021\/10\/Capture-de\u0301cran-2021-10-28-a\u0300-13.36.30.png\" alt=\"\" width=\"1279\" height=\"904\" srcset=\"https:\/\/www.sapere-association.com\/wp-content\/uploads\/2021\/10\/Capture-de\u0301cran-2021-10-28-a\u0300-13.36.30.png 1279w, https:\/\/www.sapere-association.com\/wp-content\/uploads\/2021\/10\/Capture-de\u0301cran-2021-10-28-a\u0300-13.36.30-300x212.png 300w, https:\/\/www.sapere-association.com\/wp-content\/uploads\/2021\/10\/Capture-de\u0301cran-2021-10-28-a\u0300-13.36.30-1024x724.png 1024w, https:\/\/www.sapere-association.com\/wp-content\/uploads\/2021\/10\/Capture-de\u0301cran-2021-10-28-a\u0300-13.36.30-768x543.png 768w, https:\/\/www.sapere-association.com\/wp-content\/uploads\/2021\/10\/Capture-de\u0301cran-2021-10-28-a\u0300-13.36.30-175x124.png 175w\" sizes=\"(max-width: 1279px) 100vw, 1279px\" \/><\/a><figcaption id=\"caption-attachment-1347\" class=\"wp-caption-text\">RuokaTutka &#8211; Videos 5 senses<\/figcaption><\/figure>\n","protected":false},"excerpt":{"rendered":"<p>Dans la ville de Jyv\u00e4skyl\u00e4, la methode SAPERE fait partie de l&rsquo;\u00e9ducation alimentaire et nutritionnelle dans les maternelles. Voir le guide d&rsquo;Aila Kointinen et Leena Ruhanen, 2009, disponible ici (en finlandais ou en anglais). RuokaTutka Taste School : vid\u00e9os avec&#8230;<\/p>\n","protected":false},"author":1,"featured_media":619,"parent":276,"menu_order":0,"comment_status":"closed","ping_status":"closed","template":"page-templates\/country-page.php","meta":{"footnotes":""},"class_list":["post-286","page","type-page","status-publish","has-post-thumbnail","hentry"],"acf":[],"_links":{"self":[{"href":"https:\/\/www.sapere-association.com\/fr\/wp-json\/wp\/v2\/pages\/286","targetHints":{"allow":["GET"]}}],"collection":[{"href":"https:\/\/www.sapere-association.com\/fr\/wp-json\/wp\/v2\/pages"}],"about":[{"href":"https:\/\/www.sapere-association.com\/fr\/wp-json\/wp\/v2\/types\/page"}],"author":[{"embeddable":true,"href":"https:\/\/www.sapere-association.com\/fr\/wp-json\/wp\/v2\/users\/1"}],"replies":[{"embeddable":true,"href":"https:\/\/www.sapere-association.com\/fr\/wp-json\/wp\/v2\/comments?post=286"}],"version-history":[{"count":0,"href":"https:\/\/www.sapere-association.com\/fr\/wp-json\/wp\/v2\/pages\/286\/revisions"}],"up":[{"embeddable":true,"href":"https:\/\/www.sapere-association.com\/fr\/wp-json\/wp\/v2\/pages\/276"}],"wp:featuredmedia":[{"embeddable":true,"href":"https:\/\/www.sapere-association.com\/fr\/wp-json\/wp\/v2\/media\/619"}],"wp:attachment":[{"href":"https:\/\/www.sapere-association.com\/fr\/wp-json\/wp\/v2\/media?parent=286"}],"curies":[{"name":"wp","href":"https:\/\/api.w.org\/{rel}","templated":true}]}}