{"id":276,"date":"2018-09-04T11:14:25","date_gmt":"2018-09-04T09:14:25","guid":{"rendered":"https:\/\/www.sapere-association.com\/?page_id=276"},"modified":"2018-12-17T00:37:17","modified_gmt":"2018-12-16T23:37:17","slug":"membres-sapere","status":"publish","type":"page","link":"https:\/\/www.sapere-association.com\/fr\/a-propos\/membres-sapere","title":{"rendered":"Pays-Membres SAPERE"},"content":{"rendered":"<div id=\"countries-listing\">\n\t<div class=\"container\">\n\t\t<div class=\"title-section\">\n\t\t\t<p class=\"h2 text-center\">Le r\u00e9seau SAPERE<\/p>\n\t\t<\/div>\n\t<\/div>\n\t    <div id=\"countries-filter\" class=\"container\">\n        <ul class=\"list-inline list-unstyled text-center\">\n            <li class=\"active\">\n                <a href=\"#\" class=\"btn\" data-countries=\"all\">Tous<\/a>\n            <\/li>\n\t        <li><a href=\"#\" class=\"btn\" data-countries=\"asie\">Asie<\/a><\/li><li><a href=\"#\" class=\"btn\" data-countries=\"europe-fr\">Europe<\/a><\/li>\n        <\/ul>\n    <\/div>\n\t\n    <div class=\"container\">\n        <div id=\"countries-grid\">\n            <div class=\"grid-sizer\"><\/div>\n            <div class=\"gutter-sizer\"><\/div>\n                                <div class=\"countries-item continent-europe-fr\">\n                        <div class=\"country-img-wrapper\">\n                            <div class=\"svg-wrapper\">\n\t                                                                <img decoding=\"async\" src=\"https:\/\/www.sapere-association.com\/wp-content\/uploads\/2018\/09\/belgique-1.svg\" class=\"center-block img-svg-replace\" alt=\"\">\n\t                                                        <\/div>\n\n                        <\/div>\n                        <div class=\"country-title-wrapper\">\n                            <p class=\"h4\">\n                                Belgique                            <\/p>\n                        <\/div>\n                        <div class=\"country-content-wrapper\">En avril 2018 et juin 2019, des enseignantes d\u2019Anderlecht ont suivi une formation \u00e0 la m\u00e9thode SAPERE.\r\nSi vous aussi, vous \u00eates int\u00e9ress\u00e9s, contactez-nous\u00a0ici\u00a0!<\/div>\n\n                        <div class=\"country-link-wrapper hide\">\n\t                        <br>                        <\/div>\n                        <div class=\"country-read-more-wrapper\">\n                            <a href=\"https:\/\/www.sapere-association.com\/fr\/a-propos\/membres-sapere\/sapere-en-belgique\" class=\"btn\">En savoir plus<\/a>\n                        <\/div>\n                    <\/div>\n\n                                        <div class=\"countries-item continent-europe-fr\">\n                        <div class=\"country-img-wrapper\">\n                            <div class=\"svg-wrapper\">\n\t                                                                <img decoding=\"async\" src=\"https:\/\/www.sapere-association.com\/wp-content\/uploads\/2018\/08\/finland-1.svg\" class=\"center-block img-svg-replace\" alt=\"\">\n\t                                                        <\/div>\n\n                        <\/div>\n                        <div class=\"country-title-wrapper\">\n                            <p class=\"h4\">\n                                Finlande                            <\/p>\n                        <\/div>\n                        <div class=\"country-content-wrapper\">Dans la ville de Jyv\u00e4skyl\u00e4, la methode SAPERE fait partie de l\u2019\u00e9ducation alimentaire et nutritionnelle dans les maternelles. Voir le guide d\u2019Aila Kointinen et Leena Ruhanen, 2009,\u00a0disponible ici\u00a0(en finlandais ou en anglais).<\/div>\n\n                        <div class=\"country-link-wrapper hide\">\n\t                        <a target=\"_blank\" href=\"https:\/\/peda.net\/hankkeet\/sapere\">https:\/\/peda.net\/hankkeet\/sapere<\/a><br>                        <\/div>\n                        <div class=\"country-read-more-wrapper\">\n                            <a href=\"https:\/\/www.sapere-association.com\/fr\/a-propos\/membres-sapere\/sapere-en-finlande\" class=\"btn\">En savoir plus<\/a>\n                        <\/div>\n                    <\/div>\n\n                                        <div class=\"countries-item continent-europe-fr\">\n                        <div class=\"country-img-wrapper\">\n                            <div class=\"svg-wrapper\">\n\t                                                                <img decoding=\"async\" src=\"https:\/\/www.sapere-association.com\/wp-content\/uploads\/2018\/08\/france.svg\" class=\"center-block img-svg-replace\" alt=\"\">\n\t                                                        <\/div>\n\n                        <\/div>\n                        <div class=\"country-title-wrapper\">\n                            <p class=\"h4\">\n                                France                            <\/p>\n                        <\/div>\n                        <div class=\"country-content-wrapper\">En 1974, d\u00e9marrent\u00a0en France les premi\u00e8res classes du go\u00fbt avec Jacques Puisais.\r\nDans les ann\u00e9es 80 de nombreux enseignants ont pu suivre les formations propos\u00e9es par le Minist\u00e8re de l\u2019Education Nationale et r\u00e9aliser dans leur classe, les le\u00e7ons du go\u00fbt...<\/div>\n\n                        <div class=\"country-link-wrapper hide\">\n\t                        <br>                        <\/div>\n                        <div class=\"country-read-more-wrapper\">\n                            <a href=\"https:\/\/www.sapere-association.com\/fr\/a-propos\/membres-sapere\/sapere-en-france\" class=\"btn\">En savoir plus<\/a>\n                        <\/div>\n                    <\/div>\n\n                                        <div class=\"countries-item continent-asie\">\n                        <div class=\"country-img-wrapper\">\n                            <div class=\"svg-wrapper\">\n\t                                                                <img decoding=\"async\" src=\"https:\/\/www.sapere-association.com\/wp-content\/uploads\/2018\/09\/japan.svg\" class=\"center-block img-svg-replace\" alt=\"\">\n\t                                                        <\/div>\n\n                        <\/div>\n                        <div class=\"country-title-wrapper\">\n                            <p class=\"h4\">\n                                Japon                            <\/p>\n                        <\/div>\n                        <div class=\"country-content-wrapper\">Apr\u00e8s avoir d\u00e9couvert la m\u00e9thode SAPERE et test\u00e9 les Classes du Go\u00fbt en France, M. Somei et Mme Kawaguchi, di\u00e9t\u00e9ticiens, ont d\u00e9cid\u00e9 de lancer des classes similaires au Japon en 2017. D\u2019abord mises en place dans une garderie \u00e0 Kyoto, l\u2019initiative a \u00e9t\u00e9 tr\u00e8s bien accueillie...<\/div>\n\n                        <div class=\"country-link-wrapper hide\">\n\t                        <a target=\"_blank\" href=\"http:\/\/fivesenses-children.jp\/\">http:\/\/fivesenses-children.jp\/<\/a><br>                        <\/div>\n                        <div class=\"country-read-more-wrapper\">\n                            <a href=\"https:\/\/www.sapere-association.com\/fr\/a-propos\/membres-sapere\/sapere-au-japon\" class=\"btn\">En savoir plus<\/a>\n                        <\/div>\n                    <\/div>\n\n                                        <div class=\"countries-item continent-europe-fr\">\n                        <div class=\"country-img-wrapper\">\n                            <div class=\"svg-wrapper\">\n\t                                                                <img decoding=\"async\" src=\"https:\/\/www.sapere-association.com\/wp-content\/uploads\/2018\/09\/norway.svg\" class=\"center-block img-svg-replace\" alt=\"\">\n\t                                                        <\/div>\n\n                        <\/div>\n                        <div class=\"country-title-wrapper\">\n                            <p class=\"h4\">\n                                Norv\u00e8ge                            <\/p>\n                        <\/div>\n                        <div class=\"country-content-wrapper\">En Norv\u00e8ge, l\u2019\u00e9ducation au go\u00fbt est dispens\u00e9e \u00e0 travers deux organisations :\u00a0Norsk Kulturarv\u00a0et\u00a0Nofima.\u00a0En 2018, sept formations pour les enseignants ont eu lieu et environ 200 enseignants ont \u00e9t\u00e9 form\u00e9s...<\/div>\n\n                        <div class=\"country-link-wrapper hide\">\n\t                        <a target=\"_blank\" href=\"http:\/\/www.kulturarv.no\/norsk-smaksskule\">http:\/\/www.kulturarv.no\/norsk-smaksskule<\/a><br>                        <\/div>\n                        <div class=\"country-read-more-wrapper\">\n                            <a href=\"https:\/\/www.sapere-association.com\/fr\/a-propos\/membres-sapere\/sapere-en-norvege\" class=\"btn\">En savoir plus<\/a>\n                        <\/div>\n                    <\/div>\n\n                                        <div class=\"countries-item continent-europe-fr\">\n                        <div class=\"country-img-wrapper\">\n                            <div class=\"svg-wrapper\">\n\t                                                                <img decoding=\"async\" src=\"https:\/\/www.sapere-association.com\/wp-content\/uploads\/2018\/08\/netherlands.svg\" class=\"center-block img-svg-replace\" alt=\"\">\n\t                                                        <\/div>\n\n                        <\/div>\n                        <div class=\"country-title-wrapper\">\n                            <p class=\"h4\">\n                                Pays-Bas                            <\/p>\n                        <\/div>\n                        <div class=\"country-content-wrapper\">Depuis 2006, l\u2019\u00e9ducation au go\u00fbt des enfants des \u00e9coles primaires fait l\u2019objet du programme \u00ab\u00a0Smaakklessen\u00a0\u00bb, inspir\u00e9 par la m\u00e9thode SAPERE. D\u00e9ploy\u00e9 dans 4500 \u00e9coles, il s\u2019adresse aux enfants entre 4 et 12 ans. R\u00e9cemment, Smaaklessen a \u00e9t\u00e9 pr\u00e9sent\u00e9 comme le premier...<\/div>\n\n                        <div class=\"country-link-wrapper hide\">\n\t                        <a target=\"_blank\" href=\"http:\/\/www.smaaklessen.nl\">http:\/\/www.smaaklessen.nl<\/a><br>                        <\/div>\n                        <div class=\"country-read-more-wrapper\">\n                            <a href=\"https:\/\/www.sapere-association.com\/fr\/a-propos\/membres-sapere\/sapere-in-netherlands\" class=\"btn\">En savoir plus<\/a>\n                        <\/div>\n                    <\/div>\n\n                                        <div class=\"countries-item continent-europe-fr\">\n                        <div class=\"country-img-wrapper\">\n                            <div class=\"svg-wrapper\">\n\t                                                                <img decoding=\"async\" src=\"https:\/\/www.sapere-association.com\/wp-content\/uploads\/2018\/09\/czech-republic.svg\" class=\"center-block img-svg-replace\" alt=\"\">\n\t                                                        <\/div>\n\n                        <\/div>\n                        <div class=\"country-title-wrapper\">\n                            <p class=\"h4\">\n                                R\u00e9publique Tch\u00e8que                            <\/p>\n                        <\/div>\n                        <div class=\"country-content-wrapper\">Beaucoup d\u2019entre vous se souviennent du concours national sur la nutrition et la nourriture. Cela fut un des \u00e9v\u00e9nements SAPERE les plus r\u00e9ussis au niveau international. Au total, environ 150,000 enfants d\u2019\u00e9coles primaires et secondaires y ont particip\u00e9.\r...<\/div>\n\n                        <div class=\"country-link-wrapper hide\">\n\t                        <br>                        <\/div>\n                        <div class=\"country-read-more-wrapper\">\n                            <a href=\"https:\/\/www.sapere-association.com\/fr\/a-propos\/membres-sapere\/sapere-en-republique-tcheque\" class=\"btn\">En savoir plus<\/a>\n                        <\/div>\n                    <\/div>\n\n                                        <div class=\"countries-item continent-europe-fr\">\n                        <div class=\"country-img-wrapper\">\n                            <div class=\"svg-wrapper\">\n\t                                                                <img decoding=\"async\" src=\"https:\/\/www.sapere-association.com\/wp-content\/uploads\/2018\/09\/united-kingdom.svg\" class=\"center-block img-svg-replace\" alt=\"\">\n\t                                                        <\/div>\n\n                        <\/div>\n                        <div class=\"country-title-wrapper\">\n                            <p class=\"h4\">\n                                Royaume-Uni                            <\/p>\n                        <\/div>\n                        <div class=\"country-content-wrapper\">TastEd est un groupe d\u2019\u00e9ducateurs, d\u2019\u00e9crivains et de militants qui travaillent pour changer la fa\u00e7on dont l\u2019\u00e9ducation alimentaire est enseign\u00e9e au Royaume-Uni et au-del\u00e0. Notre objectif est d\u2019aider \u00e0 cr\u00e9er une g\u00e9n\u00e9ration d\u2019enfants qui aura go\u00fbt aux aliments sains, en...<\/div>\n\n                        <div class=\"country-link-wrapper hide\">\n\t                        <a target=\"_blank\" href=\"https:\/\/www.tasteeducation.com\/\">https:\/\/www.tasteeducation.com\/<\/a><br>                        <\/div>\n                        <div class=\"country-read-more-wrapper\">\n                            <a href=\"https:\/\/www.sapere-association.com\/fr\/a-propos\/membres-sapere\/sapere-au-royaume-unis\" class=\"btn\">En savoir plus<\/a>\n                        <\/div>\n                    <\/div>\n\n                                        <div class=\"countries-item continent-europe-fr\">\n                        <div class=\"country-img-wrapper\">\n                            <div class=\"svg-wrapper\">\n\t                                                                <img decoding=\"async\" src=\"https:\/\/www.sapere-association.com\/wp-content\/uploads\/2018\/08\/sweden.svg\" class=\"center-block img-svg-replace\" alt=\"\">\n\t                                                        <\/div>\n\n                        <\/div>\n                        <div class=\"country-title-wrapper\">\n                            <p class=\"h4\">\n                                Su\u00e8de                            <\/p>\n                        <\/div>\n                        <div class=\"country-content-wrapper\">Depuis plus de 20 ans, la m\u00e9thode SAPERE est diffus\u00e9e en Su\u00e8de, notamment gr\u00e2ce \u00e0 la collaboration avec l\u2019Agence Nationale pour l\u2019Alimentation de la Su\u00e8de. Le livre Le Go\u00fbt et l\u2019Enfant de Jacques Puisas, le fondateur de l\u2019association SAPERE, a \u00e9t\u00e9 traduit du fran\u00e7ais pour...<\/div>\n\n                        <div class=\"country-link-wrapper hide\">\n\t                        <a target=\"_blank\" href=\"https:\/\/www.livsmedelsverket.se\/matvanor-halsa--miljo\/maltider-i-vard-skola-och-omsorg\">https:\/\/www.livsmedelsverket.se\/matvanor-halsa--miljo\/maltider-i-vard-skola-och-omsorg<\/a><br>                        <\/div>\n                        <div class=\"country-read-more-wrapper\">\n                            <a href=\"https:\/\/www.sapere-association.com\/fr\/a-propos\/membres-sapere\/sapere-en-suede\" class=\"btn\">En savoir plus<\/a>\n                        <\/div>\n                    <\/div>\n\n                                        <div class=\"countries-item continent-europe-fr\">\n                        <div class=\"country-img-wrapper\">\n                            <div class=\"svg-wrapper\">\n\t                                                                <img decoding=\"async\" src=\"https:\/\/www.sapere-association.com\/wp-content\/uploads\/2018\/08\/switzerland.svg\" class=\"center-block img-svg-replace\" alt=\"\">\n\t                                                        <\/div>\n\n                        <\/div>\n                        <div class=\"country-title-wrapper\">\n                            <p class=\"h4\">\n                                Suisse                            <\/p>\n                        <\/div>\n                        <div class=\"country-content-wrapper\">En Suisse, l\u2019apprentissage du go\u00fbt est int\u00e9gr\u00e9 dans une approche large de l\u2019\u00e9ducation \u00e0 l\u2019alimentation.\u00a0L\u2019\u00e9ducation \u00e0 l\u2019alimentation par l\u2019approche sensorielle\u00a0(Senso5) en milieu scolaire a commenc\u00e9 en Suisse en 2003, avec une exp\u00e9rience pilote men\u00e9e dans le canton du...<\/div>\n\n                        <div class=\"country-link-wrapper hide\">\n\t                        <a target=\"_blank\" href=\"https:\/\/www.senso5.ch\/\">https:\/\/www.senso5.ch\/<\/a><br>                        <\/div>\n                        <div class=\"country-read-more-wrapper\">\n                            <a href=\"https:\/\/www.sapere-association.com\/fr\/a-propos\/membres-sapere\/sapere-en-suisse\" class=\"btn\">En savoir plus<\/a>\n                        <\/div>\n                    <\/div>\n\n                            <\/div>\n    <\/div>\n<\/div>\n","protected":false},"excerpt":{"rendered":"","protected":false},"author":1,"featured_media":660,"parent":275,"menu_order":1,"comment_status":"closed","ping_status":"closed","template":"","meta":{"footnotes":""},"class_list":["post-276","page","type-page","status-publish","has-post-thumbnail","hentry"],"acf":[],"_links":{"self":[{"href":"https:\/\/www.sapere-association.com\/fr\/wp-json\/wp\/v2\/pages\/276","targetHints":{"allow":["GET"]}}],"collection":[{"href":"https:\/\/www.sapere-association.com\/fr\/wp-json\/wp\/v2\/pages"}],"about":[{"href":"https:\/\/www.sapere-association.com\/fr\/wp-json\/wp\/v2\/types\/page"}],"author":[{"embeddable":true,"href":"https:\/\/www.sapere-association.com\/fr\/wp-json\/wp\/v2\/users\/1"}],"replies":[{"embeddable":true,"href":"https:\/\/www.sapere-association.com\/fr\/wp-json\/wp\/v2\/comments?post=276"}],"version-history":[{"count":0,"href":"https:\/\/www.sapere-association.com\/fr\/wp-json\/wp\/v2\/pages\/276\/revisions"}],"up":[{"embeddable":true,"href":"https:\/\/www.sapere-association.com\/fr\/wp-json\/wp\/v2\/pages\/275"}],"wp:featuredmedia":[{"embeddable":true,"href":"https:\/\/www.sapere-association.com\/fr\/wp-json\/wp\/v2\/media\/660"}],"wp:attachment":[{"href":"https:\/\/www.sapere-association.com\/fr\/wp-json\/wp\/v2\/media?parent=276"}],"curies":[{"name":"wp","href":"https:\/\/api.w.org\/{rel}","templated":true}]}}